{"id":146,"date":"2022-01-09T18:14:20","date_gmt":"2022-01-09T18:14:20","guid":{"rendered":"https:\/\/www.celakovice.com\/?page_id=146"},"modified":"2024-09-24T14:11:17","modified_gmt":"2024-09-24T14:11:17","slug":"cenik-servisnich-sluzeb","status":"publish","type":"page","link":"https:\/\/www.celakovice.com\/index.php\/cenik-servisnich-sluzeb\/","title":{"rendered":"Cen\u00edk servisn\u00edch slu\u017eeb"},"content":{"rendered":"\t\t<div data-elementor-type=\"wp-page\" data-elementor-id=\"146\" class=\"elementor elementor-146\" data-elementor-settings=\"[]\">\n\t\t\t\t\t\t\t<div class=\"elementor-section-wrap\">\n\t\t\t\t\t\t\t<section class=\"elementor-section elementor-top-section elementor-element elementor-element-ed025fb elementor-section-boxed elementor-section-height-default elementor-section-height-default\" data-id=\"ed025fb\" data-element_type=\"section\">\n\t\t\t\t\t\t<div class=\"elementor-container elementor-column-gap-default\">\n\t\t\t\t\t<div class=\"elementor-column elementor-col-66 elementor-top-column elementor-element elementor-element-4c1d0b3\" data-id=\"4c1d0b3\" data-element_type=\"column\">\n\t\t\t<div class=\"elementor-widget-wrap elementor-element-populated\">\n\t\t\t\t\t\t\t\t<div class=\"elementor-element elementor-element-1841801 elementor-widget elementor-widget-text-editor\" data-id=\"1841801\" data-element_type=\"widget\" data-widget_type=\"text-editor.default\">\n\t\t\t\t<div class=\"elementor-widget-container\">\n\t\t\t<style>\/*! elementor - v3.5.3 - 28-12-2021 *\/\n.elementor-widget-text-editor.elementor-drop-cap-view-stacked .elementor-drop-cap{background-color:#818a91;color:#fff}.elementor-widget-text-editor.elementor-drop-cap-view-framed .elementor-drop-cap{color:#818a91;border:3px solid;background-color:transparent}.elementor-widget-text-editor:not(.elementor-drop-cap-view-default) .elementor-drop-cap{margin-top:8px}.elementor-widget-text-editor:not(.elementor-drop-cap-view-default) .elementor-drop-cap-letter{width:1em;height:1em}.elementor-widget-text-editor .elementor-drop-cap{float:left;text-align:center;line-height:1;font-size:50px}.elementor-widget-text-editor .elementor-drop-cap-letter{display:inline-block}<\/style>\t\t\t\t\t\t\t\t\t\t<\/div>\n\t\t\t\t<\/div>\n\t\t\t\t\t<\/div>\n\t\t<\/div>\n\t\t\t\t<div class=\"elementor-column elementor-col-33 elementor-top-column elementor-element elementor-element-7c4ca66\" data-id=\"7c4ca66\" data-element_type=\"column\">\n\t\t\t<div class=\"elementor-widget-wrap\">\n\t\t\t\t\t\t\t\t\t<\/div>\n\t\t<\/div>\n\t\t\t\t\t\t\t<\/div>\n\t\t<\/section>\n\t\t\t\t<section class=\"elementor-section elementor-top-section elementor-element elementor-element-0f1883d elementor-section-boxed elementor-section-height-default elementor-section-height-default\" data-id=\"0f1883d\" data-element_type=\"section\">\n\t\t\t\t\t\t<div class=\"elementor-container elementor-column-gap-default\">\n\t\t\t\t\t<div class=\"elementor-column elementor-col-50 elementor-top-column elementor-element elementor-element-108bf93\" data-id=\"108bf93\" data-element_type=\"column\">\n\t\t\t<div class=\"elementor-widget-wrap elementor-element-populated\">\n\t\t\t\t\t\t\t\t<div class=\"elementor-element elementor-element-c26a40a elementor-widget elementor-widget-text-editor\" data-id=\"c26a40a\" data-element_type=\"widget\" data-widget_type=\"text-editor.default\">\n\t\t\t\t<div class=\"elementor-widget-container\">\n\t\t\t\t\t\t\t<ul>\n<li>DJ technika Pioneer<\/li>\n<li>Mix\u00e1\u017en\u00ed pulty Behringer &#8211; analogov\u00e9<\/li>\n<li>Mix\u00e1\u017en\u00ed pulty Behringer &#8211; digit\u00e1ln\u00ed<\/li>\n<li>Mix\u00e1\u017en\u00ed pulty Behringer &#8211; v\u00fdkonov\u00e9<\/li>\n<li>Efektov\u00e9 krabi\u010dky TC Electronic<\/li>\n<li>Efektov\u00e9 krabi\u010dky TC Helicon<\/li>\n<li>Mix\u00e1\u017en\u00ed pulty MIDAS<\/li>\n<li>Mikrofony a slluch\u00e1tka Beyerdynamic<\/li>\n<li>Diagnostika z\u00e1vady a cenov\u00fd rozpo\u010det<\/li>\n<li>Ostatn\u00ed zna\u010dky<\/li>\n<li>P\u0159epravn\u00ed n\u00e1klady &#8211; DPD (cena se m\u016f\u017ee li\u0161it dle rozm\u011bru a v\u00e1hy)<\/li>\n<\/ul>\t\t\t\t\t\t<\/div>\n\t\t\t\t<\/div>\n\t\t\t\t\t<\/div>\n\t\t<\/div>\n\t\t\t\t<div class=\"elementor-column elementor-col-50 elementor-top-column elementor-element elementor-element-38c9f6e\" data-id=\"38c9f6e\" data-element_type=\"column\">\n\t\t\t<div class=\"elementor-widget-wrap elementor-element-populated\">\n\t\t\t\t\t\t\t\t<div class=\"elementor-element elementor-element-54ab97f elementor-widget elementor-widget-text-editor\" data-id=\"54ab97f\" data-element_type=\"widget\" data-widget_type=\"text-editor.default\">\n\t\t\t\t<div class=\"elementor-widget-container\">\n\t\t\t\t\t\t\t<ul><li>790,- K\u010d \/ hod<\/li><li>590,- K\u010d \/ hod<\/li><li>990,- K\u010d \/ hod<\/li><li>790,- K\u010d \/ hod<\/li><li>790,- K\u010d \/ hod<\/li><li>790,- K\u010d \/ hod<\/li><li>990,- K\u010d \/ hod<\/li><li>649,- K\u010d \/ hod<\/li><li>549,- K\u010d \/ hod<\/li><li>599,- K\u010d<\/li><li>od 230.- K\u010d<\/li><li>uveden\u00e9 ceny jsou bez DPH<\/li><\/ul>\t\t\t\t\t\t<\/div>\n\t\t\t\t<\/div>\n\t\t\t\t\t<\/div>\n\t\t<\/div>\n\t\t\t\t\t\t\t<\/div>\n\t\t<\/section>\n\t\t\t\t\t\t<\/div>\n\t\t\t\t\t<\/div>\n\t\t","protected":false},"excerpt":{"rendered":"<p>DJ technika Pioneer Mix\u00e1\u017en\u00ed pulty Behringer &#8211; analogov\u00e9 Mix\u00e1\u017en\u00ed pulty Behringer &#8211; digit\u00e1ln\u00ed Mix\u00e1\u017en\u00ed pulty Behringer &#8211; v\u00fdkonov\u00e9 Efektov\u00e9 krabi\u010dky TC Electronic Efektov\u00e9 krabi\u010dky TC Helicon Mix\u00e1\u017en\u00ed pulty MIDAS Mikrofony a slluch\u00e1tka Beyerdynamic Diagnostika z\u00e1vady a cenov\u00fd rozpo\u010det Ostatn\u00ed zna\u010dky P\u0159epravn\u00ed n\u00e1klady &#8211; DPD (cena se m\u016f\u017ee li\u0161it dle rozm\u011bru a v\u00e1hy) 790,- K\u010d \/ [&hellip;]<\/p>\n","protected":false},"author":1,"featured_media":0,"parent":0,"menu_order":0,"comment_status":"closed","ping_status":"closed","template":"","meta":{"footnotes":""},"class_list":["post-146","page","type-page","status-publish","hentry"],"yoast_head":"<!-- This site is optimized with the Yoast SEO plugin v24.9 - https:\/\/yoast.com\/wordpress\/plugins\/seo\/ -->\n<title>Cen\u00edk servisn\u00edch slu\u017eeb - Servis elektroniky \u010cel\u00e1kovice<\/title>\n<meta name=\"description\" content=\"cen\u00edk servisn\u00edch slu\u017eeb, servis elektroniky, v\u00fdvoj elektronick\u00fdch za\u0159\u00edzen\u00ed na zak\u00e1zku, Behringer, Midas,Pioneer, Pioneer DJ,TC Electronic\" \/>\n<meta name=\"robots\" content=\"index, follow, max-snippet:-1, max-image-preview:large, max-video-preview:-1\" \/>\n<link rel=\"canonical\" href=\"https:\/\/www.celakovice.com\/index.php\/cenik-servisnich-sluzeb\/\" \/>\n<meta property=\"og:locale\" content=\"cs_CZ\" \/>\n<meta property=\"og:type\" content=\"article\" \/>\n<meta property=\"og:title\" content=\"Cen\u00edk servisn\u00edch slu\u017eeb - Servis elektroniky \u010cel\u00e1kovice\" \/>\n<meta property=\"og:description\" content=\"cen\u00edk servisn\u00edch slu\u017eeb, servis elektroniky, v\u00fdvoj elektronick\u00fdch za\u0159\u00edzen\u00ed na zak\u00e1zku, Behringer, Midas,Pioneer, Pioneer DJ,TC Electronic\" \/>\n<meta property=\"og:url\" content=\"https:\/\/www.celakovice.com\/index.php\/cenik-servisnich-sluzeb\/\" \/>\n<meta property=\"og:site_name\" content=\"Servis elektroniky \u010cel\u00e1kovice\" \/>\n<meta property=\"article:modified_time\" content=\"2024-09-24T14:11:17+00:00\" \/>\n<meta name=\"twitter:card\" content=\"summary_large_image\" \/>\n<meta name=\"twitter:label1\" content=\"Odhadovan\u00e1 doba \u010dten\u00ed\" \/>\n\t<meta name=\"twitter:data1\" content=\"1 minuta\" \/>\n<script type=\"application\/ld+json\" class=\"yoast-schema-graph\">{\"@context\":\"https:\/\/schema.org\",\"@graph\":[{\"@type\":\"WebPage\",\"@id\":\"https:\/\/www.celakovice.com\/index.php\/cenik-servisnich-sluzeb\/\",\"url\":\"https:\/\/www.celakovice.com\/index.php\/cenik-servisnich-sluzeb\/\",\"name\":\"Cen\u00edk servisn\u00edch slu\u017eeb - Servis elektroniky \u010cel\u00e1kovice\",\"isPartOf\":{\"@id\":\"https:\/\/www.celakovice.com\/#website\"},\"datePublished\":\"2022-01-09T18:14:20+00:00\",\"dateModified\":\"2024-09-24T14:11:17+00:00\",\"description\":\"cen\u00edk servisn\u00edch slu\u017eeb, servis elektroniky, v\u00fdvoj elektronick\u00fdch za\u0159\u00edzen\u00ed na zak\u00e1zku, Behringer, Midas,Pioneer, Pioneer DJ,TC Electronic\",\"breadcrumb\":{\"@id\":\"https:\/\/www.celakovice.com\/index.php\/cenik-servisnich-sluzeb\/#breadcrumb\"},\"inLanguage\":\"cs\",\"potentialAction\":[{\"@type\":\"ReadAction\",\"target\":[\"https:\/\/www.celakovice.com\/index.php\/cenik-servisnich-sluzeb\/\"]}]},{\"@type\":\"BreadcrumbList\",\"@id\":\"https:\/\/www.celakovice.com\/index.php\/cenik-servisnich-sluzeb\/#breadcrumb\",\"itemListElement\":[{\"@type\":\"ListItem\",\"position\":1,\"name\":\"Dom\u016f\",\"item\":\"https:\/\/www.celakovice.com\/\"},{\"@type\":\"ListItem\",\"position\":2,\"name\":\"Cen\u00edk servisn\u00edch slu\u017eeb\"}]},{\"@type\":\"WebSite\",\"@id\":\"https:\/\/www.celakovice.com\/#website\",\"url\":\"https:\/\/www.celakovice.com\/\",\"name\":\"Servis elektroniky \u010cel\u00e1kovice\",\"description\":\"profesion\u00e1ln\u00ed servis elektroniky od roku 1998\",\"potentialAction\":[{\"@type\":\"SearchAction\",\"target\":{\"@type\":\"EntryPoint\",\"urlTemplate\":\"https:\/\/www.celakovice.com\/?s={search_term_string}\"},\"query-input\":{\"@type\":\"PropertyValueSpecification\",\"valueRequired\":true,\"valueName\":\"search_term_string\"}}],\"inLanguage\":\"cs\"}]}<\/script>\n<!-- \/ Yoast SEO plugin. -->","yoast_head_json":{"title":"Cen\u00edk servisn\u00edch slu\u017eeb - Servis elektroniky \u010cel\u00e1kovice","description":"cen\u00edk servisn\u00edch slu\u017eeb, servis elektroniky, v\u00fdvoj elektronick\u00fdch za\u0159\u00edzen\u00ed na zak\u00e1zku, Behringer, Midas,Pioneer, Pioneer DJ,TC Electronic","robots":{"index":"index","follow":"follow","max-snippet":"max-snippet:-1","max-image-preview":"max-image-preview:large","max-video-preview":"max-video-preview:-1"},"canonical":"https:\/\/www.celakovice.com\/index.php\/cenik-servisnich-sluzeb\/","og_locale":"cs_CZ","og_type":"article","og_title":"Cen\u00edk servisn\u00edch slu\u017eeb - Servis elektroniky \u010cel\u00e1kovice","og_description":"cen\u00edk servisn\u00edch slu\u017eeb, servis elektroniky, v\u00fdvoj elektronick\u00fdch za\u0159\u00edzen\u00ed na zak\u00e1zku, Behringer, Midas,Pioneer, Pioneer DJ,TC Electronic","og_url":"https:\/\/www.celakovice.com\/index.php\/cenik-servisnich-sluzeb\/","og_site_name":"Servis elektroniky \u010cel\u00e1kovice","article_modified_time":"2024-09-24T14:11:17+00:00","twitter_card":"summary_large_image","twitter_misc":{"Odhadovan\u00e1 doba \u010dten\u00ed":"1 minuta"},"schema":{"@context":"https:\/\/schema.org","@graph":[{"@type":"WebPage","@id":"https:\/\/www.celakovice.com\/index.php\/cenik-servisnich-sluzeb\/","url":"https:\/\/www.celakovice.com\/index.php\/cenik-servisnich-sluzeb\/","name":"Cen\u00edk servisn\u00edch slu\u017eeb - Servis elektroniky \u010cel\u00e1kovice","isPartOf":{"@id":"https:\/\/www.celakovice.com\/#website"},"datePublished":"2022-01-09T18:14:20+00:00","dateModified":"2024-09-24T14:11:17+00:00","description":"cen\u00edk servisn\u00edch slu\u017eeb, servis elektroniky, v\u00fdvoj elektronick\u00fdch za\u0159\u00edzen\u00ed na zak\u00e1zku, Behringer, Midas,Pioneer, Pioneer DJ,TC Electronic","breadcrumb":{"@id":"https:\/\/www.celakovice.com\/index.php\/cenik-servisnich-sluzeb\/#breadcrumb"},"inLanguage":"cs","potentialAction":[{"@type":"ReadAction","target":["https:\/\/www.celakovice.com\/index.php\/cenik-servisnich-sluzeb\/"]}]},{"@type":"BreadcrumbList","@id":"https:\/\/www.celakovice.com\/index.php\/cenik-servisnich-sluzeb\/#breadcrumb","itemListElement":[{"@type":"ListItem","position":1,"name":"Dom\u016f","item":"https:\/\/www.celakovice.com\/"},{"@type":"ListItem","position":2,"name":"Cen\u00edk servisn\u00edch slu\u017eeb"}]},{"@type":"WebSite","@id":"https:\/\/www.celakovice.com\/#website","url":"https:\/\/www.celakovice.com\/","name":"Servis elektroniky \u010cel\u00e1kovice","description":"profesion\u00e1ln\u00ed servis elektroniky od roku 1998","potentialAction":[{"@type":"SearchAction","target":{"@type":"EntryPoint","urlTemplate":"https:\/\/www.celakovice.com\/?s={search_term_string}"},"query-input":{"@type":"PropertyValueSpecification","valueRequired":true,"valueName":"search_term_string"}}],"inLanguage":"cs"}]}},"_links":{"self":[{"href":"https:\/\/www.celakovice.com\/index.php\/wp-json\/wp\/v2\/pages\/146","targetHints":{"allow":["GET"]}}],"collection":[{"href":"https:\/\/www.celakovice.com\/index.php\/wp-json\/wp\/v2\/pages"}],"about":[{"href":"https:\/\/www.celakovice.com\/index.php\/wp-json\/wp\/v2\/types\/page"}],"author":[{"embeddable":true,"href":"https:\/\/www.celakovice.com\/index.php\/wp-json\/wp\/v2\/users\/1"}],"replies":[{"embeddable":true,"href":"https:\/\/www.celakovice.com\/index.php\/wp-json\/wp\/v2\/comments?post=146"}],"version-history":[{"count":60,"href":"https:\/\/www.celakovice.com\/index.php\/wp-json\/wp\/v2\/pages\/146\/revisions"}],"predecessor-version":[{"id":441,"href":"https:\/\/www.celakovice.com\/index.php\/wp-json\/wp\/v2\/pages\/146\/revisions\/441"}],"wp:attachment":[{"href":"https:\/\/www.celakovice.com\/index.php\/wp-json\/wp\/v2\/media?parent=146"}],"curies":[{"name":"wp","href":"https:\/\/api.w.org\/{rel}","templated":true}]}}