{"id":151,"date":"2022-01-09T18:51:23","date_gmt":"2022-01-09T18:51:23","guid":{"rendered":"https:\/\/www.celakovice.com\/?page_id=151"},"modified":"2022-01-14T18:34:33","modified_gmt":"2022-01-14T18:34:33","slug":"profesionalni-servis","status":"publish","type":"page","link":"https:\/\/www.celakovice.com\/","title":{"rendered":"Profesion\u00e1ln\u00ed servis od roku 1998"},"content":{"rendered":"\t\t<div data-elementor-type=\"wp-page\" data-elementor-id=\"151\" class=\"elementor elementor-151\" data-elementor-settings=\"[]\">\n\t\t\t\t\t\t\t<div class=\"elementor-section-wrap\">\n\t\t\t\t\t\t\t<section class=\"elementor-section elementor-top-section elementor-element elementor-element-e55d0c8 elementor-section-boxed elementor-section-height-default elementor-section-height-default\" data-id=\"e55d0c8\" data-element_type=\"section\">\n\t\t\t\t\t\t<div class=\"elementor-container elementor-column-gap-default\">\n\t\t\t\t\t<div class=\"elementor-column elementor-col-100 elementor-top-column elementor-element elementor-element-39d65c0a\" data-id=\"39d65c0a\" data-element_type=\"column\">\n\t\t\t<div class=\"elementor-widget-wrap\">\n\t\t\t\t\t\t\t\t\t<\/div>\n\t\t<\/div>\n\t\t\t\t\t\t\t<\/div>\n\t\t<\/section>\n\t\t\t\t<section class=\"elementor-section elementor-top-section elementor-element elementor-element-4d2e6f5 elementor-section-boxed elementor-section-height-default elementor-section-height-default\" data-id=\"4d2e6f5\" data-element_type=\"section\">\n\t\t\t\t\t\t<div class=\"elementor-container elementor-column-gap-default\">\n\t\t\t\t\t<div class=\"elementor-column elementor-col-25 elementor-top-column elementor-element elementor-element-4b3d340\" data-id=\"4b3d340\" data-element_type=\"column\">\n\t\t\t<div class=\"elementor-widget-wrap elementor-element-populated\">\n\t\t\t\t\t\t\t\t<div class=\"elementor-element elementor-element-785c5db elementor-widget elementor-widget-image\" data-id=\"785c5db\" data-element_type=\"widget\" data-widget_type=\"image.default\">\n\t\t\t\t<div class=\"elementor-widget-container\">\n\t\t\t<style>\/*! elementor - v3.5.3 - 28-12-2021 *\/\n.elementor-widget-image{text-align:center}.elementor-widget-image a{display:inline-block}.elementor-widget-image a img[src$=\".svg\"]{width:48px}.elementor-widget-image img{vertical-align:middle;display:inline-block}<\/style>\t\t\t\t\t\t\t\t\t\t\t\t<img loading=\"lazy\" decoding=\"async\" width=\"225\" height=\"225\" src=\"https:\/\/www.celakovice.com\/wp-content\/uploads\/2022\/01\/behringer-1.png\" class=\"attachment-large size-large\" alt=\"Behringer\" srcset=\"https:\/\/www.celakovice.com\/wp-content\/uploads\/2022\/01\/behringer-1.png 225w, https:\/\/www.celakovice.com\/wp-content\/uploads\/2022\/01\/behringer-1-150x150.png 150w, https:\/\/www.celakovice.com\/wp-content\/uploads\/2022\/01\/behringer-1-160x160.png 160w\" sizes=\"auto, (max-width: 225px) 100vw, 225px\" \/>\t\t\t\t\t\t\t\t\t\t\t\t\t\t\t<\/div>\n\t\t\t\t<\/div>\n\t\t\t\t\t<\/div>\n\t\t<\/div>\n\t\t\t\t<div class=\"elementor-column elementor-col-25 elementor-top-column elementor-element elementor-element-647a514\" data-id=\"647a514\" data-element_type=\"column\">\n\t\t\t<div class=\"elementor-widget-wrap elementor-element-populated\">\n\t\t\t\t\t\t\t\t<div class=\"elementor-element elementor-element-55243bd elementor-widget elementor-widget-image\" data-id=\"55243bd\" data-element_type=\"widget\" data-widget_type=\"image.default\">\n\t\t\t\t<div class=\"elementor-widget-container\">\n\t\t\t\t\t\t\t\t\t\t\t\t\t\t\t<img loading=\"lazy\" decoding=\"async\" width=\"425\" height=\"119\" src=\"https:\/\/www.celakovice.com\/wp-content\/uploads\/2022\/01\/tc_helicon.png\" class=\"attachment-large size-large\" alt=\"TC Helicon\" srcset=\"https:\/\/www.celakovice.com\/wp-content\/uploads\/2022\/01\/tc_helicon.png 425w, https:\/\/www.celakovice.com\/wp-content\/uploads\/2022\/01\/tc_helicon-300x84.png 300w, https:\/\/www.celakovice.com\/wp-content\/uploads\/2022\/01\/tc_helicon-280x78.png 280w\" sizes=\"auto, (max-width: 425px) 100vw, 425px\" \/>\t\t\t\t\t\t\t\t\t\t\t\t\t\t\t<\/div>\n\t\t\t\t<\/div>\n\t\t\t\t<div class=\"elementor-element elementor-element-f818650 elementor-widget elementor-widget-image\" data-id=\"f818650\" data-element_type=\"widget\" data-widget_type=\"image.default\">\n\t\t\t\t<div class=\"elementor-widget-container\">\n\t\t\t\t\t\t\t\t\t\t\t\t\t\t\t<img loading=\"lazy\" decoding=\"async\" width=\"261\" height=\"65\" src=\"https:\/\/www.celakovice.com\/wp-content\/uploads\/2022\/01\/tc_electronic.png\" class=\"attachment-large size-large\" alt=\"TC Electronic\" \/>\t\t\t\t\t\t\t\t\t\t\t\t\t\t\t<\/div>\n\t\t\t\t<\/div>\n\t\t\t\t\t<\/div>\n\t\t<\/div>\n\t\t\t\t<div class=\"elementor-column elementor-col-25 elementor-top-column elementor-element elementor-element-17bd6e7\" data-id=\"17bd6e7\" data-element_type=\"column\">\n\t\t\t<div class=\"elementor-widget-wrap elementor-element-populated\">\n\t\t\t\t\t\t\t\t<div class=\"elementor-element elementor-element-31f5c53 elementor-widget elementor-widget-image\" data-id=\"31f5c53\" data-element_type=\"widget\" data-widget_type=\"image.default\">\n\t\t\t\t<div class=\"elementor-widget-container\">\n\t\t\t\t\t\t\t\t\t\t\t\t\t\t\t<img loading=\"lazy\" decoding=\"async\" width=\"293\" height=\"74\" src=\"https:\/\/www.celakovice.com\/wp-content\/uploads\/2022\/01\/pioneer_dj.png\" class=\"attachment-large size-large\" alt=\"Pioneer DJ\" srcset=\"https:\/\/www.celakovice.com\/wp-content\/uploads\/2022\/01\/pioneer_dj.png 293w, https:\/\/www.celakovice.com\/wp-content\/uploads\/2022\/01\/pioneer_dj-280x71.png 280w\" sizes=\"auto, (max-width: 293px) 100vw, 293px\" \/>\t\t\t\t\t\t\t\t\t\t\t\t\t\t\t<\/div>\n\t\t\t\t<\/div>\n\t\t\t\t<div class=\"elementor-element elementor-element-db50d4a elementor-widget elementor-widget-image\" data-id=\"db50d4a\" data-element_type=\"widget\" data-widget_type=\"image.default\">\n\t\t\t\t<div class=\"elementor-widget-container\">\n\t\t\t\t\t\t\t\t\t\t\t\t\t\t\t<img loading=\"lazy\" decoding=\"async\" width=\"341\" height=\"148\" src=\"https:\/\/www.celakovice.com\/wp-content\/uploads\/2022\/01\/midas-1.png\" class=\"attachment-large size-large\" alt=\"Midas\" srcset=\"https:\/\/www.celakovice.com\/wp-content\/uploads\/2022\/01\/midas-1.png 341w, https:\/\/www.celakovice.com\/wp-content\/uploads\/2022\/01\/midas-1-300x130.png 300w, https:\/\/www.celakovice.com\/wp-content\/uploads\/2022\/01\/midas-1-280x122.png 280w\" sizes=\"auto, (max-width: 341px) 100vw, 341px\" \/>\t\t\t\t\t\t\t\t\t\t\t\t\t\t\t<\/div>\n\t\t\t\t<\/div>\n\t\t\t\t\t<\/div>\n\t\t<\/div>\n\t\t\t\t<div class=\"elementor-column elementor-col-25 elementor-top-column elementor-element elementor-element-5285643\" data-id=\"5285643\" data-element_type=\"column\">\n\t\t\t<div class=\"elementor-widget-wrap elementor-element-populated\">\n\t\t\t\t\t\t\t\t<div class=\"elementor-element elementor-element-65c7971 elementor-widget elementor-widget-image\" data-id=\"65c7971\" data-element_type=\"widget\" data-widget_type=\"image.default\">\n\t\t\t\t<div class=\"elementor-widget-container\">\n\t\t\t\t\t\t\t\t\t\t\t\t\t\t\t<img loading=\"lazy\" decoding=\"async\" width=\"350\" height=\"122\" src=\"https:\/\/www.celakovice.com\/wp-content\/uploads\/2022\/01\/tanoy-1.png\" class=\"attachment-large size-large\" alt=\"Tannoy\" srcset=\"https:\/\/www.celakovice.com\/wp-content\/uploads\/2022\/01\/tanoy-1.png 350w, https:\/\/www.celakovice.com\/wp-content\/uploads\/2022\/01\/tanoy-1-300x105.png 300w, https:\/\/www.celakovice.com\/wp-content\/uploads\/2022\/01\/tanoy-1-280x98.png 280w\" sizes=\"auto, (max-width: 350px) 100vw, 350px\" \/>\t\t\t\t\t\t\t\t\t\t\t\t\t\t\t<\/div>\n\t\t\t\t<\/div>\n\t\t\t\t<div class=\"elementor-element elementor-element-9a939ed elementor-widget elementor-widget-image\" data-id=\"9a939ed\" data-element_type=\"widget\" data-widget_type=\"image.default\">\n\t\t\t\t<div class=\"elementor-widget-container\">\n\t\t\t\t\t\t\t\t\t\t\t\t\t\t\t<img loading=\"lazy\" decoding=\"async\" width=\"282\" height=\"132\" src=\"https:\/\/www.celakovice.com\/wp-content\/uploads\/2022\/01\/bugera.png\" class=\"attachment-large size-large\" alt=\"Bugera\" srcset=\"https:\/\/www.celakovice.com\/wp-content\/uploads\/2022\/01\/bugera.png 282w, https:\/\/www.celakovice.com\/wp-content\/uploads\/2022\/01\/bugera-280x131.png 280w\" sizes=\"auto, (max-width: 282px) 100vw, 282px\" \/>\t\t\t\t\t\t\t\t\t\t\t\t\t\t\t<\/div>\n\t\t\t\t<\/div>\n\t\t\t\t\t<\/div>\n\t\t<\/div>\n\t\t\t\t\t\t\t<\/div>\n\t\t<\/section>\n\t\t\t\t<section class=\"elementor-section elementor-top-section elementor-element elementor-element-24c9c35 elementor-section-boxed elementor-section-height-default elementor-section-height-default\" data-id=\"24c9c35\" data-element_type=\"section\">\n\t\t\t\t\t\t<div class=\"elementor-container elementor-column-gap-default\">\n\t\t\t\t\t<div class=\"elementor-column elementor-col-100 elementor-top-column elementor-element elementor-element-4a43414\" data-id=\"4a43414\" data-element_type=\"column\">\n\t\t\t<div class=\"elementor-widget-wrap elementor-element-populated\">\n\t\t\t\t\t\t\t\t<div class=\"elementor-element elementor-element-78f2c31 elementor-widget elementor-widget-text-editor\" data-id=\"78f2c31\" data-element_type=\"widget\" data-widget_type=\"text-editor.default\">\n\t\t\t\t<div class=\"elementor-widget-container\">\n\t\t\t<style>\/*! elementor - v3.5.3 - 28-12-2021 *\/\n.elementor-widget-text-editor.elementor-drop-cap-view-stacked .elementor-drop-cap{background-color:#818a91;color:#fff}.elementor-widget-text-editor.elementor-drop-cap-view-framed .elementor-drop-cap{color:#818a91;border:3px solid;background-color:transparent}.elementor-widget-text-editor:not(.elementor-drop-cap-view-default) .elementor-drop-cap{margin-top:8px}.elementor-widget-text-editor:not(.elementor-drop-cap-view-default) .elementor-drop-cap-letter{width:1em;height:1em}.elementor-widget-text-editor .elementor-drop-cap{float:left;text-align:center;line-height:1;font-size:50px}.elementor-widget-text-editor .elementor-drop-cap-letter{display:inline-block}<\/style>\t\t\t\t<h2><strong><em>Behringer, Midas, Pioneer, Pioneer DJ, TC Electronic, TC Helicon, Bugera,Tannoy<\/em><\/strong><\/h2>\n<h4>Servisem elektroniky se zab\u00fdv\u00e1m\u00a0 od roku 1991.\u00a0 Mezi prvotn\u00ed zku\u0161enosti mohu prozradit pr\u00e1ci v \u010cesk\u00e9m rozhlase. Kde jsem p\u0159i\u0161el do styku s prvn\u00ed studiovou technikou. Po n\u011bkolikalet\u00e9 praxi p\u0159i\u0161la pracovn\u00ed zm\u011bna a to v autorizovan\u00e9m servisu SONY (sekce profesion\u00e1ln\u00ed technika). Jako kon\u00ed\u010dek m\u00e1m za sebou n\u011bco z oboru hudebn\u00ed sc\u00e9ny. Proto m\u00e1m znalost\u00a0 r\u016fzn\u00fdch efektov\u00fdch krabi\u010dek a podobn\u011b. N\u00e1sleduje spolupr\u00e1ce s dovozcem a prodejcem Basys \u010cesk\u00e1 republika, kter\u00e1 se specializuje na zna\u010dky Behringer, Midas, Pioneer, Pioneer DJ, TC Electronic, TC Helicon, Bugera a mnoho dal\u0161\u00edch.<\/h4>\t\t\t\t\t\t<\/div>\n\t\t\t\t<\/div>\n\t\t\t\t\t<\/div>\n\t\t<\/div>\n\t\t\t\t\t\t\t<\/div>\n\t\t<\/section>\n\t\t\t\t<section class=\"elementor-section elementor-top-section elementor-element elementor-element-3357e6e elementor-section-boxed elementor-section-height-default elementor-section-height-default\" data-id=\"3357e6e\" data-element_type=\"section\">\n\t\t\t\t\t\t<div class=\"elementor-container elementor-column-gap-default\">\n\t\t\t\t\t<div class=\"elementor-column elementor-col-100 elementor-top-column elementor-element elementor-element-e9abf21\" data-id=\"e9abf21\" data-element_type=\"column\">\n\t\t\t<div class=\"elementor-widget-wrap elementor-element-populated\">\n\t\t\t\t\t\t\t\t<div class=\"elementor-element elementor-element-6557755 elementor-widget elementor-widget-heading\" data-id=\"6557755\" data-element_type=\"widget\" data-widget_type=\"heading.default\">\n\t\t\t\t<div class=\"elementor-widget-container\">\n\t\t\t<style>\/*! elementor - v3.5.3 - 28-12-2021 *\/\n.elementor-heading-title{padding:0;margin:0;line-height:1}.elementor-widget-heading .elementor-heading-title[class*=elementor-size-]>a{color:inherit;font-size:inherit;line-height:inherit}.elementor-widget-heading .elementor-heading-title.elementor-size-small{font-size:15px}.elementor-widget-heading .elementor-heading-title.elementor-size-medium{font-size:19px}.elementor-widget-heading .elementor-heading-title.elementor-size-large{font-size:29px}.elementor-widget-heading .elementor-heading-title.elementor-size-xl{font-size:39px}.elementor-widget-heading .elementor-heading-title.elementor-size-xxl{font-size:59px}<\/style><h2 class=\"elementor-heading-title elementor-size-default\">Dal\u0161\u00ed servisovan\u00e9 zna\u010dky<\/h2>\t\t<\/div>\n\t\t\t\t<\/div>\n\t\t\t\t\t<\/div>\n\t\t<\/div>\n\t\t\t\t\t\t\t<\/div>\n\t\t<\/section>\n\t\t\t\t<section class=\"elementor-section elementor-top-section elementor-element elementor-element-942a66b elementor-section-boxed elementor-section-height-default elementor-section-height-default\" data-id=\"942a66b\" data-element_type=\"section\">\n\t\t\t\t\t\t<div class=\"elementor-container elementor-column-gap-default\">\n\t\t\t\t\t<div class=\"elementor-column elementor-col-33 elementor-top-column elementor-element elementor-element-58c6599\" data-id=\"58c6599\" data-element_type=\"column\">\n\t\t\t<div class=\"elementor-widget-wrap elementor-element-populated\">\n\t\t\t\t\t\t\t\t<div class=\"elementor-element elementor-element-ba97c7c elementor-widget elementor-widget-image\" data-id=\"ba97c7c\" data-element_type=\"widget\" data-widget_type=\"image.default\">\n\t\t\t\t<div class=\"elementor-widget-container\">\n\t\t\t\t\t\t\t\t\t\t\t\t\t\t\t<img loading=\"lazy\" decoding=\"async\" width=\"480\" height=\"152\" src=\"https:\/\/www.celakovice.com\/wp-content\/uploads\/2022\/01\/klarteknik-1.png\" class=\"attachment-large size-large\" alt=\"KlarTeknik\" srcset=\"https:\/\/www.celakovice.com\/wp-content\/uploads\/2022\/01\/klarteknik-1.png 480w, https:\/\/www.celakovice.com\/wp-content\/uploads\/2022\/01\/klarteknik-1-300x95.png 300w, https:\/\/www.celakovice.com\/wp-content\/uploads\/2022\/01\/klarteknik-1-280x89.png 280w\" sizes=\"auto, (max-width: 480px) 100vw, 480px\" \/>\t\t\t\t\t\t\t\t\t\t\t\t\t\t\t<\/div>\n\t\t\t\t<\/div>\n\t\t\t\t\t<\/div>\n\t\t<\/div>\n\t\t\t\t<div class=\"elementor-column elementor-col-33 elementor-top-column elementor-element elementor-element-5e6a06c\" data-id=\"5e6a06c\" data-element_type=\"column\">\n\t\t\t<div class=\"elementor-widget-wrap elementor-element-populated\">\n\t\t\t\t\t\t\t\t<div class=\"elementor-element elementor-element-b8056ee elementor-widget elementor-widget-image\" data-id=\"b8056ee\" data-element_type=\"widget\" data-widget_type=\"image.default\">\n\t\t\t\t<div class=\"elementor-widget-container\">\n\t\t\t\t\t\t\t\t\t\t\t\t\t\t\t<img loading=\"lazy\" decoding=\"async\" width=\"571\" height=\"88\" src=\"https:\/\/www.celakovice.com\/wp-content\/uploads\/2022\/01\/beyrdynamic.png\" class=\"attachment-large size-large\" alt=\"Beyerdynamic\" srcset=\"https:\/\/www.celakovice.com\/wp-content\/uploads\/2022\/01\/beyrdynamic.png 571w, https:\/\/www.celakovice.com\/wp-content\/uploads\/2022\/01\/beyrdynamic-300x46.png 300w, https:\/\/www.celakovice.com\/wp-content\/uploads\/2022\/01\/beyrdynamic-280x43.png 280w\" sizes=\"auto, (max-width: 571px) 100vw, 571px\" \/>\t\t\t\t\t\t\t\t\t\t\t\t\t\t\t<\/div>\n\t\t\t\t<\/div>\n\t\t\t\t\t<\/div>\n\t\t<\/div>\n\t\t\t\t<div class=\"elementor-column elementor-col-33 elementor-top-column elementor-element elementor-element-3d6ed42\" data-id=\"3d6ed42\" data-element_type=\"column\">\n\t\t\t<div class=\"elementor-widget-wrap elementor-element-populated\">\n\t\t\t\t\t\t\t\t<div class=\"elementor-element elementor-element-85baa2e elementor-widget elementor-widget-image\" data-id=\"85baa2e\" data-element_type=\"widget\" data-widget_type=\"image.default\">\n\t\t\t\t<div class=\"elementor-widget-container\">\n\t\t\t\t\t\t\t\t\t\t\t\t\t\t\t<img loading=\"lazy\" decoding=\"async\" width=\"500\" height=\"137\" src=\"https:\/\/www.celakovice.com\/wp-content\/uploads\/2022\/01\/lab-gruppen.png\" class=\"attachment-large size-large\" alt=\"LabGruppen\" srcset=\"https:\/\/www.celakovice.com\/wp-content\/uploads\/2022\/01\/lab-gruppen.png 500w, https:\/\/www.celakovice.com\/wp-content\/uploads\/2022\/01\/lab-gruppen-300x82.png 300w, https:\/\/www.celakovice.com\/wp-content\/uploads\/2022\/01\/lab-gruppen-280x77.png 280w\" sizes=\"auto, (max-width: 500px) 100vw, 500px\" \/>\t\t\t\t\t\t\t\t\t\t\t\t\t\t\t<\/div>\n\t\t\t\t<\/div>\n\t\t\t\t\t<\/div>\n\t\t<\/div>\n\t\t\t\t\t\t\t<\/div>\n\t\t<\/section>\n\t\t\t\t<section class=\"elementor-section elementor-top-section elementor-element elementor-element-67f2d3b elementor-section-boxed elementor-section-height-default elementor-section-height-default\" data-id=\"67f2d3b\" data-element_type=\"section\">\n\t\t\t\t\t\t<div class=\"elementor-container elementor-column-gap-default\">\n\t\t\t\t\t<div class=\"elementor-column elementor-col-100 elementor-top-column elementor-element elementor-element-6cef3b9\" data-id=\"6cef3b9\" data-element_type=\"column\">\n\t\t\t<div class=\"elementor-widget-wrap elementor-element-populated\">\n\t\t\t\t\t\t\t\t<div class=\"elementor-element elementor-element-4a70f17 elementor-widget elementor-widget-text-editor\" data-id=\"4a70f17\" data-element_type=\"widget\" data-widget_type=\"text-editor.default\">\n\t\t\t\t<div class=\"elementor-widget-container\">\n\t\t\t\t\t\t\t<p>\u00a0<\/p>\n<p style=\"text-align: center;\">T\u011b\u0161\u00edme se na Va\u0161\u00ed n\u00e1v\u0161t\u011bvu!<\/p>\n<p style=\"text-align: center;\"><strong><a href=\"https:\/\/www.celakovice.com\/index.php\/kontaktni-formular\/\">Napi\u0161te n\u00e1m !<\/a><\/strong><\/p>\t\t\t\t\t\t<\/div>\n\t\t\t\t<\/div>\n\t\t\t\t\t<\/div>\n\t\t<\/div>\n\t\t\t\t\t\t\t<\/div>\n\t\t<\/section>\n\t\t\t\t\t\t<\/div>\n\t\t\t\t\t<\/div>\n\t\t","protected":false},"excerpt":{"rendered":"<p>Behringer, Midas, Pioneer, Pioneer DJ, TC Electronic, TC Helicon, Bugera,Tannoy Servisem elektroniky se zab\u00fdv\u00e1m\u00a0 od roku 1991.\u00a0 Mezi prvotn\u00ed zku\u0161enosti mohu prozradit pr\u00e1ci v \u010cesk\u00e9m rozhlase. Kde jsem p\u0159i\u0161el do styku s prvn\u00ed studiovou technikou. Po n\u011bkolikalet\u00e9 praxi p\u0159i\u0161la pracovn\u00ed zm\u011bna a to v autorizovan\u00e9m servisu SONY (sekce profesion\u00e1ln\u00ed technika). Jako kon\u00ed\u010dek m\u00e1m za sebou [&hellip;]<\/p>\n","protected":false},"author":1,"featured_media":0,"parent":0,"menu_order":0,"comment_status":"closed","ping_status":"closed","template":"","meta":{"footnotes":""},"class_list":["post-151","page","type-page","status-publish","hentry"],"yoast_head":"<!-- This site is optimized with the Yoast SEO plugin v24.9 - https:\/\/yoast.com\/wordpress\/plugins\/seo\/ -->\n<title>Servis elektroniky \u010cel\u00e1kovice - Servis elektroniky \u010cel\u00e1kovice<\/title>\n<meta name=\"description\" content=\"servis zna\u010dek: Behringer,Midas, Pioneer, Pioneer DJ, TC Electronic,Turbosound,KlarTeknik,Tannoy,Lab.Gruppen\" \/>\n<meta name=\"robots\" content=\"index, follow, max-snippet:-1, max-image-preview:large, max-video-preview:-1\" \/>\n<link rel=\"canonical\" href=\"https:\/\/www.celakovice.com\/\" \/>\n<meta property=\"og:locale\" content=\"cs_CZ\" \/>\n<meta property=\"og:type\" content=\"article\" \/>\n<meta property=\"og:title\" content=\"Servis elektroniky \u010cel\u00e1kovice - Servis elektroniky \u010cel\u00e1kovice\" \/>\n<meta property=\"og:description\" content=\"servis zna\u010dek: Behringer,Midas, Pioneer, Pioneer DJ, TC Electronic,Turbosound,KlarTeknik,Tannoy,Lab.Gruppen\" \/>\n<meta property=\"og:url\" content=\"https:\/\/www.celakovice.com\/\" \/>\n<meta property=\"og:site_name\" content=\"Servis elektroniky \u010cel\u00e1kovice\" \/>\n<meta property=\"article:modified_time\" content=\"2022-01-14T18:34:33+00:00\" \/>\n<meta property=\"og:image\" content=\"https:\/\/www.celakovice.com\/wp-content\/uploads\/2022\/01\/behringer-1.png\" \/>\n<meta name=\"twitter:card\" content=\"summary_large_image\" \/>\n<meta name=\"twitter:label1\" content=\"Odhadovan\u00e1 doba \u010dten\u00ed\" \/>\n\t<meta name=\"twitter:data1\" content=\"3 minuty\" \/>\n<script type=\"application\/ld+json\" class=\"yoast-schema-graph\">{\"@context\":\"https:\/\/schema.org\",\"@graph\":[{\"@type\":\"WebPage\",\"@id\":\"https:\/\/www.celakovice.com\/\",\"url\":\"https:\/\/www.celakovice.com\/\",\"name\":\"Servis elektroniky \u010cel\u00e1kovice - Servis elektroniky \u010cel\u00e1kovice\",\"isPartOf\":{\"@id\":\"https:\/\/www.celakovice.com\/#website\"},\"primaryImageOfPage\":{\"@id\":\"https:\/\/www.celakovice.com\/#primaryimage\"},\"image\":{\"@id\":\"https:\/\/www.celakovice.com\/#primaryimage\"},\"thumbnailUrl\":\"https:\/\/www.celakovice.com\/wp-content\/uploads\/2022\/01\/behringer-1.png\",\"datePublished\":\"2022-01-09T18:51:23+00:00\",\"dateModified\":\"2022-01-14T18:34:33+00:00\",\"description\":\"servis zna\u010dek: Behringer,Midas, Pioneer, Pioneer DJ, TC Electronic,Turbosound,KlarTeknik,Tannoy,Lab.Gruppen\",\"breadcrumb\":{\"@id\":\"https:\/\/www.celakovice.com\/#breadcrumb\"},\"inLanguage\":\"cs\",\"potentialAction\":[{\"@type\":\"ReadAction\",\"target\":[\"https:\/\/www.celakovice.com\/\"]}]},{\"@type\":\"ImageObject\",\"inLanguage\":\"cs\",\"@id\":\"https:\/\/www.celakovice.com\/#primaryimage\",\"url\":\"https:\/\/www.celakovice.com\/wp-content\/uploads\/2022\/01\/behringer-1.png\",\"contentUrl\":\"https:\/\/www.celakovice.com\/wp-content\/uploads\/2022\/01\/behringer-1.png\",\"width\":225,\"height\":225,\"caption\":\"Behringer\"},{\"@type\":\"BreadcrumbList\",\"@id\":\"https:\/\/www.celakovice.com\/#breadcrumb\",\"itemListElement\":[{\"@type\":\"ListItem\",\"position\":1,\"name\":\"Dom\u016f\",\"item\":\"https:\/\/www.celakovice.com\/\"},{\"@type\":\"ListItem\",\"position\":2,\"name\":\"Profesion\u00e1ln\u00ed servis od roku 1998\"}]},{\"@type\":\"WebSite\",\"@id\":\"https:\/\/www.celakovice.com\/#website\",\"url\":\"https:\/\/www.celakovice.com\/\",\"name\":\"Servis elektroniky \u010cel\u00e1kovice\",\"description\":\"profesion\u00e1ln\u00ed servis elektroniky od roku 1998\",\"potentialAction\":[{\"@type\":\"SearchAction\",\"target\":{\"@type\":\"EntryPoint\",\"urlTemplate\":\"https:\/\/www.celakovice.com\/?s={search_term_string}\"},\"query-input\":{\"@type\":\"PropertyValueSpecification\",\"valueRequired\":true,\"valueName\":\"search_term_string\"}}],\"inLanguage\":\"cs\"}]}<\/script>\n<!-- \/ Yoast SEO plugin. -->","yoast_head_json":{"title":"Servis elektroniky \u010cel\u00e1kovice - Servis elektroniky \u010cel\u00e1kovice","description":"servis zna\u010dek: Behringer,Midas, Pioneer, Pioneer DJ, TC Electronic,Turbosound,KlarTeknik,Tannoy,Lab.Gruppen","robots":{"index":"index","follow":"follow","max-snippet":"max-snippet:-1","max-image-preview":"max-image-preview:large","max-video-preview":"max-video-preview:-1"},"canonical":"https:\/\/www.celakovice.com\/","og_locale":"cs_CZ","og_type":"article","og_title":"Servis elektroniky \u010cel\u00e1kovice - Servis elektroniky \u010cel\u00e1kovice","og_description":"servis zna\u010dek: Behringer,Midas, Pioneer, Pioneer DJ, TC Electronic,Turbosound,KlarTeknik,Tannoy,Lab.Gruppen","og_url":"https:\/\/www.celakovice.com\/","og_site_name":"Servis elektroniky \u010cel\u00e1kovice","article_modified_time":"2022-01-14T18:34:33+00:00","og_image":[{"url":"https:\/\/www.celakovice.com\/wp-content\/uploads\/2022\/01\/behringer-1.png","type":"","width":"","height":""}],"twitter_card":"summary_large_image","twitter_misc":{"Odhadovan\u00e1 doba \u010dten\u00ed":"3 minuty"},"schema":{"@context":"https:\/\/schema.org","@graph":[{"@type":"WebPage","@id":"https:\/\/www.celakovice.com\/","url":"https:\/\/www.celakovice.com\/","name":"Servis elektroniky \u010cel\u00e1kovice - Servis elektroniky \u010cel\u00e1kovice","isPartOf":{"@id":"https:\/\/www.celakovice.com\/#website"},"primaryImageOfPage":{"@id":"https:\/\/www.celakovice.com\/#primaryimage"},"image":{"@id":"https:\/\/www.celakovice.com\/#primaryimage"},"thumbnailUrl":"https:\/\/www.celakovice.com\/wp-content\/uploads\/2022\/01\/behringer-1.png","datePublished":"2022-01-09T18:51:23+00:00","dateModified":"2022-01-14T18:34:33+00:00","description":"servis zna\u010dek: Behringer,Midas, Pioneer, Pioneer DJ, TC Electronic,Turbosound,KlarTeknik,Tannoy,Lab.Gruppen","breadcrumb":{"@id":"https:\/\/www.celakovice.com\/#breadcrumb"},"inLanguage":"cs","potentialAction":[{"@type":"ReadAction","target":["https:\/\/www.celakovice.com\/"]}]},{"@type":"ImageObject","inLanguage":"cs","@id":"https:\/\/www.celakovice.com\/#primaryimage","url":"https:\/\/www.celakovice.com\/wp-content\/uploads\/2022\/01\/behringer-1.png","contentUrl":"https:\/\/www.celakovice.com\/wp-content\/uploads\/2022\/01\/behringer-1.png","width":225,"height":225,"caption":"Behringer"},{"@type":"BreadcrumbList","@id":"https:\/\/www.celakovice.com\/#breadcrumb","itemListElement":[{"@type":"ListItem","position":1,"name":"Dom\u016f","item":"https:\/\/www.celakovice.com\/"},{"@type":"ListItem","position":2,"name":"Profesion\u00e1ln\u00ed servis od roku 1998"}]},{"@type":"WebSite","@id":"https:\/\/www.celakovice.com\/#website","url":"https:\/\/www.celakovice.com\/","name":"Servis elektroniky \u010cel\u00e1kovice","description":"profesion\u00e1ln\u00ed servis elektroniky od roku 1998","potentialAction":[{"@type":"SearchAction","target":{"@type":"EntryPoint","urlTemplate":"https:\/\/www.celakovice.com\/?s={search_term_string}"},"query-input":{"@type":"PropertyValueSpecification","valueRequired":true,"valueName":"search_term_string"}}],"inLanguage":"cs"}]}},"_links":{"self":[{"href":"https:\/\/www.celakovice.com\/index.php\/wp-json\/wp\/v2\/pages\/151","targetHints":{"allow":["GET"]}}],"collection":[{"href":"https:\/\/www.celakovice.com\/index.php\/wp-json\/wp\/v2\/pages"}],"about":[{"href":"https:\/\/www.celakovice.com\/index.php\/wp-json\/wp\/v2\/types\/page"}],"author":[{"embeddable":true,"href":"https:\/\/www.celakovice.com\/index.php\/wp-json\/wp\/v2\/users\/1"}],"replies":[{"embeddable":true,"href":"https:\/\/www.celakovice.com\/index.php\/wp-json\/wp\/v2\/comments?post=151"}],"version-history":[{"count":41,"href":"https:\/\/www.celakovice.com\/index.php\/wp-json\/wp\/v2\/pages\/151\/revisions"}],"predecessor-version":[{"id":347,"href":"https:\/\/www.celakovice.com\/index.php\/wp-json\/wp\/v2\/pages\/151\/revisions\/347"}],"wp:attachment":[{"href":"https:\/\/www.celakovice.com\/index.php\/wp-json\/wp\/v2\/media?parent=151"}],"curies":[{"name":"wp","href":"https:\/\/api.w.org\/{rel}","templated":true}]}}