{"id":187,"date":"2022-01-09T19:22:46","date_gmt":"2022-01-09T19:22:46","guid":{"rendered":"https:\/\/www.celakovice.com\/?page_id=187"},"modified":"2022-01-11T14:20:25","modified_gmt":"2022-01-11T14:20:25","slug":"kontakty","status":"publish","type":"page","link":"https:\/\/www.celakovice.com\/index.php\/kontakty\/","title":{"rendered":"Kontakty"},"content":{"rendered":"\t\t<div data-elementor-type=\"wp-page\" data-elementor-id=\"187\" class=\"elementor elementor-187\" data-elementor-settings=\"[]\">\n\t\t\t\t\t\t\t<div class=\"elementor-section-wrap\">\n\t\t\t\t\t\t\t<section class=\"elementor-section elementor-top-section elementor-element elementor-element-be39916 elementor-section-boxed elementor-section-height-default elementor-section-height-default\" data-id=\"be39916\" data-element_type=\"section\">\n\t\t\t\t\t\t<div class=\"elementor-container elementor-column-gap-default\">\n\t\t\t\t\t<div class=\"elementor-column elementor-col-50 elementor-top-column elementor-element elementor-element-52cd444\" data-id=\"52cd444\" data-element_type=\"column\">\n\t\t\t<div class=\"elementor-widget-wrap elementor-element-populated\">\n\t\t\t\t\t\t\t\t<div class=\"elementor-element elementor-element-01ba47a elementor-widget elementor-widget-image\" data-id=\"01ba47a\" data-element_type=\"widget\" data-widget_type=\"image.default\">\n\t\t\t\t<div class=\"elementor-widget-container\">\n\t\t\t<style>\/*! elementor - v3.5.3 - 28-12-2021 *\/\n.elementor-widget-image{text-align:center}.elementor-widget-image a{display:inline-block}.elementor-widget-image a img[src$=\".svg\"]{width:48px}.elementor-widget-image img{vertical-align:middle;display:inline-block}<\/style>\t\t\t\t\t\t\t\t\t\t\t\t<img loading=\"lazy\" decoding=\"async\" width=\"394\" height=\"471\" src=\"https:\/\/www.celakovice.com\/wp-content\/uploads\/2022\/01\/kontakt.png\" class=\"attachment-large size-large\" alt=\"\" srcset=\"https:\/\/www.celakovice.com\/wp-content\/uploads\/2022\/01\/kontakt.png 394w, https:\/\/www.celakovice.com\/wp-content\/uploads\/2022\/01\/kontakt-251x300.png 251w\" sizes=\"auto, (max-width: 394px) 100vw, 394px\" \/>\t\t\t\t\t\t\t\t\t\t\t\t\t\t\t<\/div>\n\t\t\t\t<\/div>\n\t\t\t\t\t<\/div>\n\t\t<\/div>\n\t\t\t\t<div class=\"elementor-column elementor-col-50 elementor-top-column elementor-element elementor-element-e978e98\" data-id=\"e978e98\" data-element_type=\"column\">\n\t\t\t<div class=\"elementor-widget-wrap elementor-element-populated\">\n\t\t\t\t\t\t\t\t<section class=\"elementor-section elementor-inner-section elementor-element elementor-element-4e4d793 elementor-section-boxed elementor-section-height-default elementor-section-height-default\" data-id=\"4e4d793\" data-element_type=\"section\">\n\t\t\t\t\t\t<div class=\"elementor-container elementor-column-gap-default\">\n\t\t\t\t\t<div class=\"elementor-column elementor-col-100 elementor-inner-column elementor-element elementor-element-359d2c4\" data-id=\"359d2c4\" data-element_type=\"column\">\n\t\t\t<div class=\"elementor-widget-wrap elementor-element-populated\">\n\t\t\t\t\t\t\t\t<div class=\"elementor-element elementor-element-05fd509 elementor-widget elementor-widget-text-editor\" data-id=\"05fd509\" data-element_type=\"widget\" data-widget_type=\"text-editor.default\">\n\t\t\t\t<div class=\"elementor-widget-container\">\n\t\t\t<style>\/*! elementor - v3.5.3 - 28-12-2021 *\/\n.elementor-widget-text-editor.elementor-drop-cap-view-stacked .elementor-drop-cap{background-color:#818a91;color:#fff}.elementor-widget-text-editor.elementor-drop-cap-view-framed .elementor-drop-cap{color:#818a91;border:3px solid;background-color:transparent}.elementor-widget-text-editor:not(.elementor-drop-cap-view-default) .elementor-drop-cap{margin-top:8px}.elementor-widget-text-editor:not(.elementor-drop-cap-view-default) .elementor-drop-cap-letter{width:1em;height:1em}.elementor-widget-text-editor .elementor-drop-cap{float:left;text-align:center;line-height:1;font-size:50px}.elementor-widget-text-editor .elementor-drop-cap-letter{display:inline-block}<\/style>\t\t\t\t<h3><strong>Jaroslav Fi\u0161er<\/strong><\/h3><h4>T\u0159eb\u00edzsk\u00e9ho 55\/13<\/h4><h4>250 88 \u010cel\u00e1kovice<\/h4><h4>\u00a0<\/h4><h4>I\u010cO:67616607<\/h4><h4>DI\u010c:CZ7404140997<\/h4><h4>\u00a0<\/h4><h4>Bankovn\u00ed spojen\u00ed:<\/h4><h4>Raiffeisen Bank<\/h4><h4>1238888075\/5500<\/h4><h4>\u00a0<\/h4><h4>E-mail:<\/h4><h4>servis@celakovice.com<\/h4><h4>tel:+420 602755526<\/h4><p>\u00a0<\/p><p style=\"text-align: center;\"><a href=\"https:\/\/www.celakovice.com\/index.php\/kontaktni-formular\/\"><strong>NAPI\u0160TE N\u00c1M!<\/strong><\/a><\/p><h3>\u00a0<\/h3>\t\t\t\t\t\t<\/div>\n\t\t\t\t<\/div>\n\t\t\t\t\t<\/div>\n\t\t<\/div>\n\t\t\t\t\t\t\t<\/div>\n\t\t<\/section>\n\t\t\t\t\t<\/div>\n\t\t<\/div>\n\t\t\t\t\t\t\t<\/div>\n\t\t<\/section>\n\t\t\t\t<section class=\"elementor-section elementor-top-section elementor-element elementor-element-8381dea elementor-section-boxed elementor-section-height-default elementor-section-height-default\" data-id=\"8381dea\" data-element_type=\"section\">\n\t\t\t\t\t\t<div class=\"elementor-container elementor-column-gap-default\">\n\t\t\t\t\t<div class=\"elementor-column elementor-col-100 elementor-top-column elementor-element elementor-element-584c0bc\" data-id=\"584c0bc\" data-element_type=\"column\">\n\t\t\t<div class=\"elementor-widget-wrap elementor-element-populated\">\n\t\t\t\t\t\t\t\t<div class=\"elementor-element elementor-element-13066cd elementor-widget elementor-widget-google_maps\" data-id=\"13066cd\" data-element_type=\"widget\" data-widget_type=\"google_maps.default\">\n\t\t\t\t<div class=\"elementor-widget-container\">\n\t\t\t<style>\/*! elementor - v3.5.3 - 28-12-2021 *\/\n.elementor-widget-google_maps .elementor-widget-container{overflow:hidden}.elementor-widget-google_maps iframe{height:300px}<\/style>\t\t<div class=\"elementor-custom-embed\">\n\t\t\t<iframe frameborder=\"0\" scrolling=\"no\" marginheight=\"0\" marginwidth=\"0\"\n\t\t\t\t\tsrc=\"https:\/\/maps.google.com\/maps?q=T%C5%99eb%C3%ADzsk%C3%A9ho%2055%2F13%20%C4%8Cel%C3%A1kovice&#038;t=m&#038;z=10&#038;output=embed&#038;iwloc=near\"\n\t\t\t\t\ttitle=\"T\u0159eb\u00edzsk\u00e9ho 55\/13 \u010cel\u00e1kovice\"\n\t\t\t\t\taria-label=\"T\u0159eb\u00edzsk\u00e9ho 55\/13 \u010cel\u00e1kovice\"\n\t\t\t><\/iframe>\n\t\t<\/div>\n\t\t\t\t<\/div>\n\t\t\t\t<\/div>\n\t\t\t\t\t<\/div>\n\t\t<\/div>\n\t\t\t\t\t\t\t<\/div>\n\t\t<\/section>\n\t\t\t\t\t\t<\/div>\n\t\t\t\t\t<\/div>\n\t\t","protected":false},"excerpt":{"rendered":"<p>Jaroslav Fi\u0161er T\u0159eb\u00edzsk\u00e9ho 55\/13 250 88 \u010cel\u00e1kovice \u00a0 I\u010cO:67616607 DI\u010c:CZ7404140997 \u00a0 Bankovn\u00ed spojen\u00ed: Raiffeisen Bank 1238888075\/5500 \u00a0 E-mail: servis@celakovice.com tel:+420 602755526 \u00a0 NAPI\u0160TE N\u00c1M! \u00a0<\/p>\n","protected":false},"author":1,"featured_media":0,"parent":0,"menu_order":0,"comment_status":"closed","ping_status":"closed","template":"","meta":{"footnotes":""},"class_list":["post-187","page","type-page","status-publish","hentry"],"yoast_head":"<!-- This site is optimized with the Yoast SEO plugin v24.9 - https:\/\/yoast.com\/wordpress\/plugins\/seo\/ -->\n<title>Kontakty - Servis elektroniky \u010cel\u00e1kovice<\/title>\n<meta name=\"description\" content=\"kontaktn\u00ed informace\" \/>\n<meta name=\"robots\" content=\"index, follow, max-snippet:-1, max-image-preview:large, max-video-preview:-1\" \/>\n<link rel=\"canonical\" href=\"https:\/\/www.celakovice.com\/index.php\/kontakty\/\" \/>\n<meta property=\"og:locale\" content=\"cs_CZ\" \/>\n<meta property=\"og:type\" content=\"article\" \/>\n<meta property=\"og:title\" content=\"Kontakty - Servis elektroniky \u010cel\u00e1kovice\" \/>\n<meta property=\"og:description\" content=\"kontaktn\u00ed informace\" \/>\n<meta property=\"og:url\" content=\"https:\/\/www.celakovice.com\/index.php\/kontakty\/\" \/>\n<meta property=\"og:site_name\" content=\"Servis elektroniky \u010cel\u00e1kovice\" \/>\n<meta property=\"article:modified_time\" content=\"2022-01-11T14:20:25+00:00\" \/>\n<meta property=\"og:image\" content=\"https:\/\/www.celakovice.com\/wp-content\/uploads\/2022\/01\/kontakt.png\" \/>\n<meta name=\"twitter:card\" content=\"summary_large_image\" \/>\n<meta name=\"twitter:label1\" content=\"Odhadovan\u00e1 doba \u010dten\u00ed\" \/>\n\t<meta name=\"twitter:data1\" content=\"1 minuta\" \/>\n<script type=\"application\/ld+json\" class=\"yoast-schema-graph\">{\"@context\":\"https:\/\/schema.org\",\"@graph\":[{\"@type\":\"WebPage\",\"@id\":\"https:\/\/www.celakovice.com\/index.php\/kontakty\/\",\"url\":\"https:\/\/www.celakovice.com\/index.php\/kontakty\/\",\"name\":\"Kontakty - Servis elektroniky \u010cel\u00e1kovice\",\"isPartOf\":{\"@id\":\"https:\/\/www.celakovice.com\/#website\"},\"primaryImageOfPage\":{\"@id\":\"https:\/\/www.celakovice.com\/index.php\/kontakty\/#primaryimage\"},\"image\":{\"@id\":\"https:\/\/www.celakovice.com\/index.php\/kontakty\/#primaryimage\"},\"thumbnailUrl\":\"https:\/\/www.celakovice.com\/wp-content\/uploads\/2022\/01\/kontakt.png\",\"datePublished\":\"2022-01-09T19:22:46+00:00\",\"dateModified\":\"2022-01-11T14:20:25+00:00\",\"description\":\"kontaktn\u00ed informace\",\"breadcrumb\":{\"@id\":\"https:\/\/www.celakovice.com\/index.php\/kontakty\/#breadcrumb\"},\"inLanguage\":\"cs\",\"potentialAction\":[{\"@type\":\"ReadAction\",\"target\":[\"https:\/\/www.celakovice.com\/index.php\/kontakty\/\"]}]},{\"@type\":\"ImageObject\",\"inLanguage\":\"cs\",\"@id\":\"https:\/\/www.celakovice.com\/index.php\/kontakty\/#primaryimage\",\"url\":\"https:\/\/www.celakovice.com\/wp-content\/uploads\/2022\/01\/kontakt.png\",\"contentUrl\":\"https:\/\/www.celakovice.com\/wp-content\/uploads\/2022\/01\/kontakt.png\",\"width\":394,\"height\":471},{\"@type\":\"BreadcrumbList\",\"@id\":\"https:\/\/www.celakovice.com\/index.php\/kontakty\/#breadcrumb\",\"itemListElement\":[{\"@type\":\"ListItem\",\"position\":1,\"name\":\"Dom\u016f\",\"item\":\"https:\/\/www.celakovice.com\/\"},{\"@type\":\"ListItem\",\"position\":2,\"name\":\"Kontakty\"}]},{\"@type\":\"WebSite\",\"@id\":\"https:\/\/www.celakovice.com\/#website\",\"url\":\"https:\/\/www.celakovice.com\/\",\"name\":\"Servis elektroniky \u010cel\u00e1kovice\",\"description\":\"profesion\u00e1ln\u00ed servis elektroniky od roku 1998\",\"potentialAction\":[{\"@type\":\"SearchAction\",\"target\":{\"@type\":\"EntryPoint\",\"urlTemplate\":\"https:\/\/www.celakovice.com\/?s={search_term_string}\"},\"query-input\":{\"@type\":\"PropertyValueSpecification\",\"valueRequired\":true,\"valueName\":\"search_term_string\"}}],\"inLanguage\":\"cs\"}]}<\/script>\n<!-- \/ Yoast SEO plugin. -->","yoast_head_json":{"title":"Kontakty - Servis elektroniky \u010cel\u00e1kovice","description":"kontaktn\u00ed informace","robots":{"index":"index","follow":"follow","max-snippet":"max-snippet:-1","max-image-preview":"max-image-preview:large","max-video-preview":"max-video-preview:-1"},"canonical":"https:\/\/www.celakovice.com\/index.php\/kontakty\/","og_locale":"cs_CZ","og_type":"article","og_title":"Kontakty - Servis elektroniky \u010cel\u00e1kovice","og_description":"kontaktn\u00ed informace","og_url":"https:\/\/www.celakovice.com\/index.php\/kontakty\/","og_site_name":"Servis elektroniky \u010cel\u00e1kovice","article_modified_time":"2022-01-11T14:20:25+00:00","og_image":[{"url":"https:\/\/www.celakovice.com\/wp-content\/uploads\/2022\/01\/kontakt.png","type":"","width":"","height":""}],"twitter_card":"summary_large_image","twitter_misc":{"Odhadovan\u00e1 doba \u010dten\u00ed":"1 minuta"},"schema":{"@context":"https:\/\/schema.org","@graph":[{"@type":"WebPage","@id":"https:\/\/www.celakovice.com\/index.php\/kontakty\/","url":"https:\/\/www.celakovice.com\/index.php\/kontakty\/","name":"Kontakty - Servis elektroniky \u010cel\u00e1kovice","isPartOf":{"@id":"https:\/\/www.celakovice.com\/#website"},"primaryImageOfPage":{"@id":"https:\/\/www.celakovice.com\/index.php\/kontakty\/#primaryimage"},"image":{"@id":"https:\/\/www.celakovice.com\/index.php\/kontakty\/#primaryimage"},"thumbnailUrl":"https:\/\/www.celakovice.com\/wp-content\/uploads\/2022\/01\/kontakt.png","datePublished":"2022-01-09T19:22:46+00:00","dateModified":"2022-01-11T14:20:25+00:00","description":"kontaktn\u00ed informace","breadcrumb":{"@id":"https:\/\/www.celakovice.com\/index.php\/kontakty\/#breadcrumb"},"inLanguage":"cs","potentialAction":[{"@type":"ReadAction","target":["https:\/\/www.celakovice.com\/index.php\/kontakty\/"]}]},{"@type":"ImageObject","inLanguage":"cs","@id":"https:\/\/www.celakovice.com\/index.php\/kontakty\/#primaryimage","url":"https:\/\/www.celakovice.com\/wp-content\/uploads\/2022\/01\/kontakt.png","contentUrl":"https:\/\/www.celakovice.com\/wp-content\/uploads\/2022\/01\/kontakt.png","width":394,"height":471},{"@type":"BreadcrumbList","@id":"https:\/\/www.celakovice.com\/index.php\/kontakty\/#breadcrumb","itemListElement":[{"@type":"ListItem","position":1,"name":"Dom\u016f","item":"https:\/\/www.celakovice.com\/"},{"@type":"ListItem","position":2,"name":"Kontakty"}]},{"@type":"WebSite","@id":"https:\/\/www.celakovice.com\/#website","url":"https:\/\/www.celakovice.com\/","name":"Servis elektroniky \u010cel\u00e1kovice","description":"profesion\u00e1ln\u00ed servis elektroniky od roku 1998","potentialAction":[{"@type":"SearchAction","target":{"@type":"EntryPoint","urlTemplate":"https:\/\/www.celakovice.com\/?s={search_term_string}"},"query-input":{"@type":"PropertyValueSpecification","valueRequired":true,"valueName":"search_term_string"}}],"inLanguage":"cs"}]}},"_links":{"self":[{"href":"https:\/\/www.celakovice.com\/index.php\/wp-json\/wp\/v2\/pages\/187","targetHints":{"allow":["GET"]}}],"collection":[{"href":"https:\/\/www.celakovice.com\/index.php\/wp-json\/wp\/v2\/pages"}],"about":[{"href":"https:\/\/www.celakovice.com\/index.php\/wp-json\/wp\/v2\/types\/page"}],"author":[{"embeddable":true,"href":"https:\/\/www.celakovice.com\/index.php\/wp-json\/wp\/v2\/users\/1"}],"replies":[{"embeddable":true,"href":"https:\/\/www.celakovice.com\/index.php\/wp-json\/wp\/v2\/comments?post=187"}],"version-history":[{"count":15,"href":"https:\/\/www.celakovice.com\/index.php\/wp-json\/wp\/v2\/pages\/187\/revisions"}],"predecessor-version":[{"id":293,"href":"https:\/\/www.celakovice.com\/index.php\/wp-json\/wp\/v2\/pages\/187\/revisions\/293"}],"wp:attachment":[{"href":"https:\/\/www.celakovice.com\/index.php\/wp-json\/wp\/v2\/media?parent=187"}],"curies":[{"name":"wp","href":"https:\/\/api.w.org\/{rel}","templated":true}]}}