{"id":264,"date":"2022-01-11T14:02:27","date_gmt":"2022-01-11T14:02:27","guid":{"rendered":"https:\/\/www.celakovice.com\/?page_id=264"},"modified":"2022-01-24T10:39:03","modified_gmt":"2022-01-24T10:39:03","slug":"kontaktni-formular","status":"publish","type":"page","link":"https:\/\/www.celakovice.com\/index.php\/kontaktni-formular\/","title":{"rendered":"Kontaktn\u00ed formul\u00e1\u0159"},"content":{"rendered":"\t\t<div data-elementor-type=\"wp-page\" data-elementor-id=\"264\" class=\"elementor elementor-264\" data-elementor-settings=\"[]\">\n\t\t\t\t\t\t\t<div class=\"elementor-section-wrap\">\n\t\t\t\t\t\t\t<section class=\"elementor-section elementor-top-section elementor-element elementor-element-f437ba7 elementor-section-boxed elementor-section-height-default elementor-section-height-default\" data-id=\"f437ba7\" data-element_type=\"section\">\n\t\t\t\t\t\t<div class=\"elementor-container elementor-column-gap-default\">\n\t\t\t\t\t<div class=\"elementor-column elementor-col-100 elementor-top-column elementor-element elementor-element-8ff42c3\" data-id=\"8ff42c3\" data-element_type=\"column\">\n\t\t\t<div class=\"elementor-widget-wrap elementor-element-populated\">\n\t\t\t\t\t\t\t\t<div class=\"elementor-element elementor-element-5a76541 elementor-widget elementor-widget-shortcode\" data-id=\"5a76541\" data-element_type=\"widget\" data-widget_type=\"shortcode.default\">\n\t\t\t\t<div class=\"elementor-widget-container\">\n\t\t\t\t\t<div class=\"elementor-shortcode\"><style type=\"text\/css\" id=\"cspFormShell_14_876293_style\">#cspFormShell_14_876293 {\t}#cspFormShell_14_876293 label {\twidth: 100%;}\/*Fields shell basic*\/#cspFormShell_14_876293 .cfsFieldShell input:not([type=\"checkbox\"]):not([type=\"radio\"]),#cspFormShell_14_876293 .cfsFieldShell textarea,#cspFormShell_14_876293 .cfsFieldShell .cfsListSelect, #cspFormShell_14_876293 .cfsFieldShell .cfsCheck,#cspFormShell_14_876293 .cfsFieldShell button{    padding: 10px;    width: 100%;    font-size: 18px;    line-height: normal;  \t  \tborder: 1px solid rgba(51,51,51,0.1);    color: rgba(51,51,51,0.7);  \tbackground-color: #f7f7f7;  \t    hyphens: none;    border-radius: 0;    margin: 0;    max-width: 100%;    vertical-align: baseline;  \tdisplay: block;  \theight: auto;}#cspFormShell_14_876293 .cfsFieldShell input[type=\"submit\"]:not([type=\"checkbox\"]):not([type=\"radio\"]), #cspFormShell_14_876293 .cfsFieldShell input[type=\"reset\"]:not([type=\"checkbox\"]):not([type=\"radio\"]), #cspFormShell_14_876293 .cfsFieldShell input[type=\"button\"],#cspFormShell_14_876293 .cfsFieldShell button {\tcursor: pointer;  \tfont-weight: 700;    border: 0 none;    color: #fff;    text-transform: uppercase;  \t-webkit-appearance: none;}#cspFormShell_14_876293 .cfsFieldShell input[type=\"submit\"]:not([type=\"checkbox\"]):not([type=\"radio\"]), #cspFormShell_14_876293 .cfsFieldShell input[type=\"button\"],#cspFormShell_14_876293 .cfsFieldShell button {\t  \tbackground-color: #81d742;  \tbackground-image: none;  \t}#cspFormShell_14_876293 .cfsFieldShell input[type=\"submit\"]:not([type=\"checkbox\"]):not([type=\"radio\"]):hover, #cspFormShell_14_876293 .cfsFieldShell input[type=\"button\"]:hover,#cspFormShell_14_876293 .cfsFieldShell button:hover {  \t  \tbackground-color: rgba(129,215,66,0.7);  \t}#cspFormShell_14_876293 .cfsFieldShell input[type=\"reset\"]:not([type=\"checkbox\"]):not([type=\"radio\"]) {\t  \tbackground-color: #dd3333;  \tbackground-image: none;  \t}#cspFormShell_14_876293 .cfsFieldShell input[type=\"reset\"]:not([type=\"checkbox\"]):not([type=\"radio\"]):hover {\t  \tbackground-color: rgba(221,51,51,0.7);  \t}\/* Placeholder text color -- selectors need to be separate to work. *\/#cspFormShell_14_876293 ::-webkit-input-placeholder {\tcolor: rgba(51, 51, 51, 0.7);}#cspFormShell_14_876293 :-moz-placeholder {\tcolor: rgba(51, 51, 51, 0.7);}#cspFormShell_14_876293 ::-moz-placeholder {\tcolor: rgba(51, 51, 51, 0.7);\topacity: 1; \/* Since FF19 lowers the opacity of the placeholder by default *\/}#cspFormShell_14_876293 :-ms-input-placeholder {\tcolor: rgba(51, 51, 51, 0.7);}#cspFormShell_14_876293 { width: 100%}#cspFormShell_14_876293 .cfsSuccessMsg { color: #dd3333 !important}<\/style><div id=\"cspFormShell_14_876293\" class=\"cfsFormShell\"><form class=\"csfForm\" method=\"post\" action=\"https:\/\/www.celakovice.com\/\"><div class=\"supRow cfsFieldsRow\"><div class=\"supSm6 cfsFieldCol\" data-name=\"first_name\" data-type=\"text\"><div class=\"cfsFieldShell cfsField_text\" ><label><span class=\"cfsInputLabel\">Jm\u00e9no&nbsp;<\/span><input type=\"text\" name=\"fields[first_name]\" value=\"\" data-name=\"first_name\" required  placeholder=\"Jm\u00e9no\" \/><\/label><\/div><\/div><div class=\"supSm6 cfsFieldCol\" data-name=\"last_name\" data-type=\"text\"><div class=\"cfsFieldShell cfsField_text\" ><label><span class=\"cfsInputLabel\">P\u0159\u00edjmen\u00ed&nbsp;<\/span><input type=\"text\" name=\"fields[last_name]\" value=\"\" data-name=\"last_name\" required  placeholder=\"P\u0159\u00edjmen\u00ed\" \/><\/label><\/div><\/div><\/div><div class=\"supRow cfsFieldsRow\"><div class=\"supSm12 cfsFieldCol\" data-name=\"email\" data-type=\"email\"><div class=\"cfsFieldShell cfsField_email\" ><label><span class=\"cfsInputLabel\">E-mail&nbsp;<\/span><input type=\"email\" name=\"fields[email]\" value=\"\" data-name=\"email\" required  placeholder=\"Email\" \/><\/label><\/div><\/div><\/div><div class=\"supRow cfsFieldsRow\"><div class=\"supSm12 cfsFieldCol\" data-name=\"tel\" data-type=\"text\"><div class=\"cfsFieldShell cfsField_text\" ><label><span class=\"cfsInputLabel\">Kontaktn\u00ed telefon&nbsp;<\/span><input type=\"text\" name=\"fields[tel]\" value=\"\" data-name=\"tel\" required  placeholder=\"Kontaktn\u00ed telefon\" min=\"9\" max=\"9\" pattern=\"0|d+|\\d+\" \/><\/label><\/div><\/div><\/div><div class=\"supRow cfsFieldsRow\"><div class=\"supSm12 cfsFieldCol\" data-name=\"message\" data-type=\"textarea\"><div class=\"cfsFieldShell cfsField_textarea\" ><label><span class=\"cfsInputLabel\">Va\u0161e zpr\u00e1va&nbsp;<\/span><textarea name=\"fields[message]\" data-name=\"message\" required  placeholder=\"Va\u0161e zpr\u00e1va\" supRows=\"3\" cols=\"50\"><\/textarea><\/label><\/div><\/div><\/div><div class=\"supRow cfsFieldsRow\"><div class=\"supSm12 cfsFieldCol\" data-name=\"Captcha\" data-type=\"recaptcha\"><div class=\"cfsFieldShell cfsField_recaptcha\" ><label><span class=\"cfsInputLabel\">Captcha&nbsp;<\/span><div class=\"g-recaptcha\" data-sitekey=\"6LcT0DceAAAAAEjOf-8KWajQF_tnlh1Z51ZMirGU\" data-theme=\"light\" data-type=\"image\" data-size=\"normal\" ><\/div><\/label><\/div><\/div><\/div><div class=\"supRow cfsFieldsRow\"><div class=\"supSm6 cfsFieldCol\" data-name=\"send\" data-type=\"submit\"><div class=\"cfsFieldShell cfsField_submit\" ><input type=\"submit\" name=\"fields[send]\" value=\"Poslat\" data-name=\"send\" \/><\/div><\/div><div class=\"supSm6 cfsFieldCol\" data-name=\"reset\" data-type=\"reset\"><div class=\"cfsFieldShell cfsField_reset\" ><input type=\"reset\" name=\"fields[reset]\" value=\"Vymazat\" data-name=\"reset\" \/><\/div><\/div><\/div><input type=\"hidden\" name=\"mod\" value=\"forms\"  \/><input type=\"hidden\" name=\"action\" value=\"contact\"  \/><input type=\"hidden\" name=\"id\" value=\"14\"  \/><input type=\"hidden\" name=\"_wpnonce\" value=\"7d8696b0e4\"  \/><div class=\"cfsContactMsg\"><\/div><\/form><\/div><span style=\"display: none !important;\" class=\"cfsFormDesc\">eyJpZCI6IjE0IiwibGFiZWwiOiJrb250YWt0MSIsImFjdGl2ZSI6IjEiLCJvcmlnaW5hbF9pZCI6IjEiLCJ1bmlxdWVfaWQiOiJ3ZWZqMiIsInBhcmFtcyI6eyJlbmFibGVGb3JNZW1iZXJzaGlwIjoiMCIsInRwbCI6eyJ3aWR0aCI6IjEwMCIsIndpZHRoX21lYXN1cmUiOiIlIiwiYmdfdHlwZV8wIjoibm9uZSIsImJnX2ltZ18wIjoiIiwiYmdfY29sb3JfMCI6IiM4MWQ3NDIiLCJiZ190eXBlXzEiOiJjb2xvciIsImJnX2ltZ18xIjoiIiwiYmdfY29sb3JfMSI6IiMzMzMzMzMiLCJiZ190eXBlXzIiOiJjb2xvciIsImJnX2ltZ18yIjoiIiwiYmdfY29sb3JfMiI6IiM4MWQ3NDIiLCJiZ190eXBlXzMiOiJjb2xvciIsImJnX2ltZ18zIjoiIiwiYmdfY29sb3JfMyI6IiNkZDMzMzMiLCJmaWVsZF9lcnJvcl9pbnZhbGlkIjoiIiwiZm9ybV9zZW50X21zZyI6IkRcdTAxMWJrdWplbWUgemEgVmFcdTAxNjFpIHpwclx1MDBlMXZ1ISIsImZvcm1fc2VudF9tc2dfY29sb3IiOiIjZGQzMzMzIiwiaGlkZV9vbl9zdWJtaXQiOiIxIiwicmVkaXJlY3Rfb25fc3VibWl0IjoiIiwidGVzdF9lbWFpbCI6Imphcm9zbGF2LmZpc2VyQGNlbGFrb3ZpY2UuY29tIiwic2F2ZV9jb250YWN0cyI6IjEiLCJleHBfZGVsaW0iOiI7IiwiZmJfY29udmVydF9iYXNlIjoiIiwiZmllbGRfd3JhcHBlciI6IjxkaXYgW2ZpZWxkX3NoZWxsX2NsYXNzZXNdIFtmaWVsZF9zaGVsbF9zdHlsZXNdPltmaWVsZF08XC9kaXY+In0sImZpZWxkcyI6W3siYnNfY2xhc3NfaWQiOiI2IiwibmFtZSI6ImZpcnN0X25hbWUiLCJsYWJlbCI6IkptXHUwMGU5bm8iLCJwbGFjZWhvbGRlciI6IkptXHUwMGU5bm8iLCJ2YWx1ZSI6IiIsInZhbHVlX3ByZXNldCI6IiIsImh0bWwiOiJ0ZXh0IiwibWFuZGF0b3J5IjoiMSIsIm1pbl9zaXplIjoiIiwibWF4X3NpemUiOiIiLCJhZGRfY2xhc3NlcyI6IiIsImFkZF9zdHlsZXMiOiIiLCJhZGRfYXR0ciI6IiIsInZuX29ubHlfbnVtYmVyIjoiMCIsInZuX29ubHlfbGV0dGVycyI6IjAiLCJ2bl9wYXR0ZXJuIjoiMCIsInZuX2VxdWFsIjoiIiwiaWNvbl9jbGFzcyI6IiIsImljb25fc2l6ZSI6IiIsImljb25fY29sb3IiOiIiLCJ0ZXJtcyI6IiJ9LHsiYnNfY2xhc3NfaWQiOiI2IiwibmFtZSI6Imxhc3RfbmFtZSIsImxhYmVsIjoiUFx1MDE1OVx1MDBlZGptZW5cdTAwZWQiLCJwbGFjZWhvbGRlciI6IlBcdTAxNTlcdTAwZWRqbWVuXHUwMGVkIiwidmFsdWUiOiIiLCJ2YWx1ZV9wcmVzZXQiOiIiLCJodG1sIjoidGV4dCIsIm1hbmRhdG9yeSI6IjEiLCJtaW5fc2l6ZSI6IiIsIm1heF9zaXplIjoiIiwiYWRkX2NsYXNzZXMiOiIiLCJhZGRfc3R5bGVzIjoiIiwiYWRkX2F0dHIiOiIiLCJ2bl9vbmx5X251bWJlciI6IjAiLCJ2bl9vbmx5X2xldHRlcnMiOiIwIiwidm5fcGF0dGVybiI6IjAiLCJ2bl9lcXVhbCI6IiIsImljb25fY2xhc3MiOiIiLCJpY29uX3NpemUiOiIiLCJpY29uX2NvbG9yIjoiIiwidGVybXMiOiIifSx7ImJzX2NsYXNzX2lkIjoiMTIiLCJuYW1lIjoiZW1haWwiLCJsYWJlbCI6IkUtbWFpbCIsInBsYWNlaG9sZGVyIjoiRW1haWwiLCJ2YWx1ZSI6IiIsInZhbHVlX3ByZXNldCI6IiIsImh0bWwiOiJlbWFpbCIsIm1hbmRhdG9yeSI6IjEiLCJtaW5fc2l6ZSI6IiIsIm1heF9zaXplIjoiIiwiYWRkX2NsYXNzZXMiOiIiLCJhZGRfc3R5bGVzIjoiIiwiYWRkX2F0dHIiOiIiLCJ2bl9vbmx5X251bWJlciI6IjAiLCJ2bl9vbmx5X2xldHRlcnMiOiIwIiwidm5fcGF0dGVybiI6IjAiLCJ2bl9lcXVhbCI6IiIsImljb25fY2xhc3MiOiIiLCJpY29uX3NpemUiOiIiLCJpY29uX2NvbG9yIjoiIiwidGVybXMiOiIifSx7ImJzX2NsYXNzX2lkIjoiMTIiLCJuYW1lIjoidGVsIiwibGFiZWwiOiJLb250YWt0blx1MDBlZCB0ZWxlZm9uIiwicGxhY2Vob2xkZXIiOiJLb250YWt0blx1MDBlZCB0ZWxlZm9uIiwidmFsdWUiOiIiLCJ2YWx1ZV9wcmVzZXQiOiIiLCJodG1sIjoidGV4dCIsIm1hbmRhdG9yeSI6IjEiLCJtaW5fc2l6ZSI6IjkiLCJtYXhfc2l6ZSI6IjkiLCJhZGRfY2xhc3NlcyI6IiIsImFkZF9zdHlsZXMiOiIiLCJhZGRfYXR0ciI6IiIsInZuX29ubHlfbnVtYmVyIjoiMCIsInZuX29ubHlfbGV0dGVycyI6IjAiLCJ2bl9wYXR0ZXJuIjoiMHxkK3xcXGQrIiwidm5fZXF1YWwiOiIiLCJpY29uX2NsYXNzIjoiIiwiaWNvbl9zaXplIjoiIiwiaWNvbl9jb2xvciI6IiIsInRlcm1zIjoiIn0seyJic19jbGFzc19pZCI6IjEyIiwibmFtZSI6Im1lc3NhZ2UiLCJsYWJlbCI6IlZhXHUwMTYxZSB6cHJcdTAwZTF2YSIsInBsYWNlaG9sZGVyIjoiVmFcdTAxNjFlIHpwclx1MDBlMXZhIiwidmFsdWUiOiIiLCJ2YWx1ZV9wcmVzZXQiOiIiLCJodG1sIjoidGV4dGFyZWEiLCJtYW5kYXRvcnkiOiIxIiwibWluX3NpemUiOiIiLCJtYXhfc2l6ZSI6IiIsImFkZF9jbGFzc2VzIjoiIiwiYWRkX3N0eWxlcyI6IiIsImFkZF9hdHRyIjoiIiwidm5fb25seV9udW1iZXIiOiIwIiwidm5fb25seV9sZXR0ZXJzIjoiMCIsInZuX3BhdHRlcm4iOiIwIiwidm5fZXF1YWwiOiIiLCJpY29uX2NsYXNzIjoiIiwiaWNvbl9zaXplIjoiIiwiaWNvbl9jb2xvciI6IiIsInRlcm1zIjoiIn0seyJic19jbGFzc19pZCI6IjEyIiwibmFtZSI6IkNhcHRjaGEiLCJsYWJlbCI6IkNhcHRjaGEiLCJodG1sIjoicmVjYXB0Y2hhIiwidGVybXMiOiIiLCJyZWNhcC10aGVtZSI6ImxpZ2h0IiwicmVjYXAtdHlwZSI6ImltYWdlIiwicmVjYXAtc2l6ZSI6Im5vcm1hbCJ9LHsiYnNfY2xhc3NfaWQiOiI2IiwibmFtZSI6InNlbmQiLCJsYWJlbCI6IlBvc2xhdCIsImh0bWwiOiJzdWJtaXQiLCJhZGRfY2xhc3NlcyI6IiIsImFkZF9zdHlsZXMiOiIiLCJhZGRfYXR0ciI6IiIsImljb25fY2xhc3MiOiIiLCJpY29uX3NpemUiOiIiLCJpY29uX2NvbG9yIjoiIiwidGVybXMiOiIifSx7ImJzX2NsYXNzX2lkIjoiNiIsIm5hbWUiOiJyZXNldCIsImxhYmVsIjoiVnltYXphdCIsImh0bWwiOiJyZXNldCIsImFkZF9jbGFzc2VzIjoiIiwiYWRkX3N0eWxlcyI6IiIsImFkZF9hdHRyIjoiIiwidGVybXMiOiIifV0sIm9wdHNfYXR0cnMiOnsiYmdfbnVtYmVyIjoiNCJ9fSwiaW1nX3ByZXZpZXciOiJiYXNlLWNvbnRhY3QuanBnIiwidmlld3MiOiI0NTMiLCJ1bmlxdWVfdmlld3MiOiIzMzUiLCJhY3Rpb25zIjoiNjUiLCJzb3J0X29yZGVyIjoiMSIsImlzX3BybyI6IjAiLCJhYl9pZCI6IjAiLCJkYXRlX2NyZWF0ZWQiOiIyMDE2LTA1LTAzIDE1OjAxOjAzIiwiaW1nX3ByZXZpZXdfdXJsIjoiaHR0cHM6XC9cL3d3dy5jZWxha292aWNlLmNvbVwvd3AtY29udGVudFwvcGx1Z2luc1wvY29udGFjdC1mb3JtLWJ5LXN1cHN5c3RpY1wvYXNzZXRzXC9mb3Jtc1wvaW1nXC9wcmV2aWV3XC9iYXNlLWNvbnRhY3QuanBnIiwidmlld19pZCI6IjE0Xzg3NjI5MyIsInZpZXdfaHRtbF9pZCI6ImNzcEZvcm1TaGVsbF8xNF84NzYyOTMiLCJjb25uZWN0X2hhc2giOiIzODNlNjBhZGQ5NDlhOTc0MzU4MDIzNDJlZDQ0ZjgxYiJ9<\/span><\/div>\n\t\t\t\t<\/div>\n\t\t\t\t<\/div>\n\t\t\t\t\t<\/div>\n\t\t<\/div>\n\t\t\t\t\t\t\t<\/div>\n\t\t<\/section>\n\t\t\t\t\t\t<\/div>\n\t\t\t\t\t<\/div>\n\t\t","protected":false},"excerpt":{"rendered":"","protected":false},"author":1,"featured_media":0,"parent":0,"menu_order":0,"comment_status":"closed","ping_status":"closed","template":"","meta":{"footnotes":""},"class_list":["post-264","page","type-page","status-publish","hentry"],"yoast_head":"<!-- This site is optimized with the Yoast SEO plugin v24.9 - https:\/\/yoast.com\/wordpress\/plugins\/seo\/ -->\n<title>Kontaktn\u00ed formul\u00e1\u0159 - Servis elektroniky \u010cel\u00e1kovice<\/title>\n<meta name=\"robots\" content=\"index, follow, max-snippet:-1, max-image-preview:large, max-video-preview:-1\" \/>\n<link rel=\"canonical\" href=\"https:\/\/www.celakovice.com\/index.php\/kontaktni-formular\/\" \/>\n<meta property=\"og:locale\" content=\"cs_CZ\" \/>\n<meta property=\"og:type\" content=\"article\" \/>\n<meta property=\"og:title\" content=\"Kontaktn\u00ed formul\u00e1\u0159 - Servis elektroniky \u010cel\u00e1kovice\" \/>\n<meta property=\"og:url\" content=\"https:\/\/www.celakovice.com\/index.php\/kontaktni-formular\/\" \/>\n<meta property=\"og:site_name\" content=\"Servis elektroniky \u010cel\u00e1kovice\" \/>\n<meta property=\"article:modified_time\" content=\"2022-01-24T10:39:03+00:00\" \/>\n<meta name=\"twitter:card\" content=\"summary_large_image\" \/>\n<meta name=\"twitter:label1\" content=\"Odhadovan\u00e1 doba \u010dten\u00ed\" \/>\n\t<meta name=\"twitter:data1\" content=\"1 minuta\" \/>\n<script type=\"application\/ld+json\" class=\"yoast-schema-graph\">{\"@context\":\"https:\/\/schema.org\",\"@graph\":[{\"@type\":\"WebPage\",\"@id\":\"https:\/\/www.celakovice.com\/index.php\/kontaktni-formular\/\",\"url\":\"https:\/\/www.celakovice.com\/index.php\/kontaktni-formular\/\",\"name\":\"Kontaktn\u00ed formul\u00e1\u0159 - Servis elektroniky \u010cel\u00e1kovice\",\"isPartOf\":{\"@id\":\"https:\/\/www.celakovice.com\/#website\"},\"datePublished\":\"2022-01-11T14:02:27+00:00\",\"dateModified\":\"2022-01-24T10:39:03+00:00\",\"breadcrumb\":{\"@id\":\"https:\/\/www.celakovice.com\/index.php\/kontaktni-formular\/#breadcrumb\"},\"inLanguage\":\"cs\",\"potentialAction\":[{\"@type\":\"ReadAction\",\"target\":[\"https:\/\/www.celakovice.com\/index.php\/kontaktni-formular\/\"]}]},{\"@type\":\"BreadcrumbList\",\"@id\":\"https:\/\/www.celakovice.com\/index.php\/kontaktni-formular\/#breadcrumb\",\"itemListElement\":[{\"@type\":\"ListItem\",\"position\":1,\"name\":\"Dom\u016f\",\"item\":\"https:\/\/www.celakovice.com\/\"},{\"@type\":\"ListItem\",\"position\":2,\"name\":\"Kontaktn\u00ed formul\u00e1\u0159\"}]},{\"@type\":\"WebSite\",\"@id\":\"https:\/\/www.celakovice.com\/#website\",\"url\":\"https:\/\/www.celakovice.com\/\",\"name\":\"Servis elektroniky \u010cel\u00e1kovice\",\"description\":\"profesion\u00e1ln\u00ed servis elektroniky od roku 1998\",\"potentialAction\":[{\"@type\":\"SearchAction\",\"target\":{\"@type\":\"EntryPoint\",\"urlTemplate\":\"https:\/\/www.celakovice.com\/?s={search_term_string}\"},\"query-input\":{\"@type\":\"PropertyValueSpecification\",\"valueRequired\":true,\"valueName\":\"search_term_string\"}}],\"inLanguage\":\"cs\"}]}<\/script>\n<!-- \/ Yoast SEO plugin. -->","yoast_head_json":{"title":"Kontaktn\u00ed formul\u00e1\u0159 - Servis elektroniky \u010cel\u00e1kovice","robots":{"index":"index","follow":"follow","max-snippet":"max-snippet:-1","max-image-preview":"max-image-preview:large","max-video-preview":"max-video-preview:-1"},"canonical":"https:\/\/www.celakovice.com\/index.php\/kontaktni-formular\/","og_locale":"cs_CZ","og_type":"article","og_title":"Kontaktn\u00ed formul\u00e1\u0159 - Servis elektroniky \u010cel\u00e1kovice","og_url":"https:\/\/www.celakovice.com\/index.php\/kontaktni-formular\/","og_site_name":"Servis elektroniky \u010cel\u00e1kovice","article_modified_time":"2022-01-24T10:39:03+00:00","twitter_card":"summary_large_image","twitter_misc":{"Odhadovan\u00e1 doba \u010dten\u00ed":"1 minuta"},"schema":{"@context":"https:\/\/schema.org","@graph":[{"@type":"WebPage","@id":"https:\/\/www.celakovice.com\/index.php\/kontaktni-formular\/","url":"https:\/\/www.celakovice.com\/index.php\/kontaktni-formular\/","name":"Kontaktn\u00ed formul\u00e1\u0159 - Servis elektroniky \u010cel\u00e1kovice","isPartOf":{"@id":"https:\/\/www.celakovice.com\/#website"},"datePublished":"2022-01-11T14:02:27+00:00","dateModified":"2022-01-24T10:39:03+00:00","breadcrumb":{"@id":"https:\/\/www.celakovice.com\/index.php\/kontaktni-formular\/#breadcrumb"},"inLanguage":"cs","potentialAction":[{"@type":"ReadAction","target":["https:\/\/www.celakovice.com\/index.php\/kontaktni-formular\/"]}]},{"@type":"BreadcrumbList","@id":"https:\/\/www.celakovice.com\/index.php\/kontaktni-formular\/#breadcrumb","itemListElement":[{"@type":"ListItem","position":1,"name":"Dom\u016f","item":"https:\/\/www.celakovice.com\/"},{"@type":"ListItem","position":2,"name":"Kontaktn\u00ed formul\u00e1\u0159"}]},{"@type":"WebSite","@id":"https:\/\/www.celakovice.com\/#website","url":"https:\/\/www.celakovice.com\/","name":"Servis elektroniky \u010cel\u00e1kovice","description":"profesion\u00e1ln\u00ed servis elektroniky od roku 1998","potentialAction":[{"@type":"SearchAction","target":{"@type":"EntryPoint","urlTemplate":"https:\/\/www.celakovice.com\/?s={search_term_string}"},"query-input":{"@type":"PropertyValueSpecification","valueRequired":true,"valueName":"search_term_string"}}],"inLanguage":"cs"}]}},"_links":{"self":[{"href":"https:\/\/www.celakovice.com\/index.php\/wp-json\/wp\/v2\/pages\/264","targetHints":{"allow":["GET"]}}],"collection":[{"href":"https:\/\/www.celakovice.com\/index.php\/wp-json\/wp\/v2\/pages"}],"about":[{"href":"https:\/\/www.celakovice.com\/index.php\/wp-json\/wp\/v2\/types\/page"}],"author":[{"embeddable":true,"href":"https:\/\/www.celakovice.com\/index.php\/wp-json\/wp\/v2\/users\/1"}],"replies":[{"embeddable":true,"href":"https:\/\/www.celakovice.com\/index.php\/wp-json\/wp\/v2\/comments?post=264"}],"version-history":[{"count":30,"href":"https:\/\/www.celakovice.com\/index.php\/wp-json\/wp\/v2\/pages\/264\/revisions"}],"predecessor-version":[{"id":413,"href":"https:\/\/www.celakovice.com\/index.php\/wp-json\/wp\/v2\/pages\/264\/revisions\/413"}],"wp:attachment":[{"href":"https:\/\/www.celakovice.com\/index.php\/wp-json\/wp\/v2\/media?parent=264"}],"curies":[{"name":"wp","href":"https:\/\/api.w.org\/{rel}","templated":true}]}}